{"id":64,"date":"2023-07-19T08:37:03","date_gmt":"2023-07-19T06:37:03","guid":{"rendered":"https:\/\/runds.philosolve.de\/wordpress\/?page_id=64"},"modified":"2023-07-21T10:16:01","modified_gmt":"2023-07-21T08:16:01","slug":"startseite","status":"publish","type":"page","link":"https:\/\/runds.philosolve.de\/wordpress\/","title":{"rendered":"Startseite"},"content":{"rendered":"\n<div class=\"wp-block-genesis-blocks-gb-columns gpb-monochrome-section-hero-header gb-layout-columns-1 gb-1-col-equal gb-has-background-dim gb-has-background-dim-30 gb-background-cover gb-background-no-repeat gb-has-custom-background-color gb-has-custom-text-color gb-columns-center alignfull\" style=\"padding-top:9em;padding-right:1em;padding-bottom:3em;padding-left:1em;background-color:#000000;color:#ffffff;background-image:url(https:\/\/demo.studiopress.com\/page-builder\/monochrome\/gpb_monochrome_hero_header.jpg);background-position:50% 52%\"><div class=\"gb-layout-column-wrap gb-block-layout-column-gap-3 gb-is-responsive-column\" style=\"max-width:1200px\">\n<div class=\"wp-block-genesis-blocks-gb-column gb-block-layout-column\"><div class=\"gb-block-layout-column-inner\">\n<h2 class=\"wp-block-heading has-text-align-left has-text-color\" style=\"color:#ffffff;font-size:60px\">Wir beteiligen uns.<\/h2>\n\n\n\n<p class=\"has-text-color has-normal-font-size\" style=\"color:#ffffff\"><strong>Green Asset Partners<\/strong>&nbsp;ist eine Beteiligungsgesellschaft <br>mit dem Fokus der Investition in weltweite Projekte erneuerbarer Energien.  <\/p>\n<\/div><\/div>\n<\/div><\/div>\n\n\n\n<div class=\"wp-block-genesis-blocks-gb-columns gpb-monochrome-section-title-and-text-columns gb-layout-columns-1 one-column gb-has-custom-background-color gb-has-custom-text-color gb-columns-center alignfull\" style=\"padding-top:5em;padding-right:1em;padding-bottom:5em;padding-left:1em;background-color:#ffffff;color:#1f1f1f\"><div class=\"gb-layout-column-wrap gb-block-layout-column-gap-2 gb-is-responsive-column\" style=\"max-width:1200px\">\n<div class=\"wp-block-genesis-blocks-gb-column gb-block-layout-column\"><div class=\"gb-block-layout-column-inner\">\n<div style=\"margin-bottom:5%\" class=\"wp-block-genesis-blocks-gb-container gb-block-container\"><div class=\"gb-container-inside\"><div class=\"gb-container-content\" style=\"max-width:1600px\">\n<h2 class=\"wp-block-heading has-text-align-left has-text-color\" style=\"color:#1f1f1f;font-size:48px\">Wir schaffen besondere Investments.<\/h2>\n\n\n\n<p class=\"has-text-align-left has-normal-font-size\">Unsere Beteiligungen verfolgen einen bestimmten Investmentfokus. Die ausgew\u00e4hlten Investitionsprojekte erf\u00fcllen dabei spezielle Garantieanforderungen.<\/p>\n\n\n\n<hr class=\"wp-block-separator has-text-color has-css-opacity has-background is-style-wide\" style=\"background-color:#1f1f1f;color:#1f1f1f\"\/>\n<\/div><\/div><\/div>\n\n\n\n<div class=\"wp-block-genesis-blocks-gb-columns gb-layout-columns-3 gb-3-col-equal\" style=\"margin-bottom:3%\"><div class=\"gb-layout-column-wrap gb-block-layout-column-gap-2 gb-is-responsive-column\">\n<div class=\"wp-block-genesis-blocks-gb-column gb-block-layout-column\"><div class=\"gb-block-layout-column-inner\" style=\"margin-bottom:20px\">\n<h3 class=\"wp-block-heading has-text-color\" style=\"color:#1f1f1f;font-size:22px\">Investmentfokus<\/h3>\n\n\n\n<p class=\"has-normal-font-size\">Im Fokus der Investitionen stehen weltweite Projekte f\u00fcr Solar- und Windenergie sowie Geothermie und Wasserkraft.<\/p>\n\n\n\n<div class=\"wp-block-buttons is-layout-flex wp-block-buttons-is-layout-flex\">\n<div class=\"wp-block-button\"><a class=\"wp-block-button__link has-text-color has-background wp-element-button\" href=\"https:\/\/runds.philosolve.de\/wordpress\/startseite\/investmentfokus\/\" style=\"border-radius:4px;color:#ffffff;background-color:#1f1f1f\" rel=\"Investmentfokus\">Learn More<\/a><\/div>\n<\/div>\n<\/div><\/div>\n\n\n\n<div class=\"wp-block-genesis-blocks-gb-column gb-block-layout-column\"><div class=\"gb-block-layout-column-inner\" style=\"margin-bottom:20px\">\n<h3 class=\"wp-block-heading has-text-color\" style=\"color:#1f1f1f;font-size:22px\">Investmentanforderungen<\/h3>\n\n\n\n<p class=\"has-normal-font-size\">Zur Sicherstellung der R\u00fcckf\u00fchrung des eingesetzten Kapitals erf\u00fcllen die ausgew\u00e4hlten Beteiligungen spezielle Investitionsvoraussetzungen.<\/p>\n\n\n\n<div class=\"wp-block-buttons is-layout-flex wp-block-buttons-is-layout-flex\">\n<div class=\"wp-block-button\"><a class=\"wp-block-button__link has-text-color has-background wp-element-button\" href=\"https:\/\/runds.philosolve.de\/wordpress\/startseite\/investmentanforderungen\/\" style=\"border-radius:4px;color:#ffffff;background-color:#1f1f1f\">Learn More<\/a><\/div>\n<\/div>\n<\/div><\/div>\n\n\n\n<div class=\"wp-block-genesis-blocks-gb-column gb-block-layout-column\"><div class=\"gb-block-layout-column-inner\" style=\"margin-bottom:20px\">\n<h3 class=\"wp-block-heading has-text-color\" style=\"color:#1f1f1f;font-size:22px\">Strategie<\/h3>\n\n\n\n<p class=\"has-normal-font-size\">Gemeinsam mit unseren verbundenen Investoren, wie internationale Family Offices sowie institutionelle Investoren streben wir langfristige Beteiligungen in den erneuerbaren Energieprojekten an. <\/p>\n\n\n\n<div class=\"wp-block-buttons is-layout-flex wp-block-buttons-is-layout-flex\">\n<div class=\"wp-block-button\"><a class=\"wp-block-button__link has-text-color has-background wp-element-button\" href=\"https:\/\/runds.philosolve.de\/wordpress\/startseite\/strategie\/\" style=\"border-radius:4px;color:#ffffff;background-color:#1f1f1f\">Learn More<\/a><\/div>\n<\/div>\n<\/div><\/div>\n<\/div><\/div>\n<\/div><\/div>\n<\/div><\/div>\n\n\n\n<div class=\"wp-block-genesis-blocks-gb-columns gpb-monochrome-section-title-and-logos gb-layout-columns-1 gb-1-col-equal gb-has-background-dim gb-has-background-dim-30 gb-background-cover gb-background-no-repeat gb-has-custom-background-color gb-has-custom-text-color gb-columns-center alignfull\" style=\"padding-top:7em;padding-right:1em;padding-bottom:7em;padding-left:1em;background-color:#000000;color:#ffffff;background-image:url(https:\/\/demo.studiopress.com\/page-builder\/monochrome\/gpb_monochrome_text_and_logos.jpg);background-position:49% 55.00000000000001%\"><div class=\"gb-layout-column-wrap gb-block-layout-column-gap-3 gb-is-responsive-column\" style=\"max-width:1200px\">\n<div class=\"wp-block-genesis-blocks-gb-column gb-block-layout-column\"><div class=\"gb-block-layout-column-inner\">\n<h2 class=\"wp-block-heading has-text-align-left has-text-color\" style=\"color:#ffffff;font-size:48px\">Wir bringen Werte.<\/h2>\n\n\n\n<p class=\"has-white-color has-text-color has-normal-font-size\">Weil wir uns mit besonderer Expertise vom Markt unterscheiden.<\/p>\n\n\n\n<hr class=\"wp-block-separator has-css-opacity is-style-wide\"\/>\n\n\n\n<div class=\"wp-block-genesis-blocks-gb-columns gb-layout-columns-6 six-column\"><div class=\"gb-layout-column-wrap gb-block-layout-column-gap-2 gb-is-responsive-column\">\n<div class=\"wp-block-genesis-blocks-gb-column gb-block-layout-column\"><div class=\"gb-block-layout-column-inner\">\n<figure class=\"wp-block-image size-large\"><img decoding=\"async\" src=\"https:\/\/demo.studiopress.com\/page-builder\/monochrome\/logos\/les-avenirs.png\" alt=\"\"\/><\/figure>\n<\/div><\/div>\n\n\n\n<div class=\"wp-block-genesis-blocks-gb-column gb-block-layout-column\"><div class=\"gb-block-layout-column-inner\">\n<figure class=\"wp-block-image size-large\"><img decoding=\"async\" src=\"https:\/\/demo.studiopress.com\/page-builder\/monochrome\/logos\/avec-simple.png\" alt=\"\"\/><\/figure>\n<\/div><\/div>\n\n\n\n<div class=\"wp-block-genesis-blocks-gb-column gb-block-layout-column\"><div class=\"gb-block-layout-column-inner\">\n<figure class=\"wp-block-image size-large\"><img decoding=\"async\" src=\"https:\/\/demo.studiopress.com\/page-builder\/monochrome\/logos\/whitespace.png\" alt=\"\"\/><\/figure>\n<\/div><\/div>\n\n\n\n<div class=\"wp-block-genesis-blocks-gb-column gb-block-layout-column\"><div class=\"gb-block-layout-column-inner\">\n<figure class=\"wp-block-image size-large is-resized\"><img loading=\"lazy\" decoding=\"async\" src=\"https:\/\/demo.studiopress.com\/page-builder\/monochrome\/logos\/minimalism.png\" alt=\"\" width=\"167\" height=\"31\"\/><\/figure>\n<\/div><\/div>\n\n\n\n<div class=\"wp-block-genesis-blocks-gb-column gb-block-layout-column\"><div class=\"gb-block-layout-column-inner\">\n<figure class=\"wp-block-image size-large\"><img decoding=\"async\" src=\"https:\/\/demo.studiopress.com\/page-builder\/monochrome\/logos\/barcelona-33.png\" alt=\"\"\/><\/figure>\n<\/div><\/div>\n\n\n\n<div class=\"wp-block-genesis-blocks-gb-column gb-block-layout-column\"><div class=\"gb-block-layout-column-inner\">\n<figure class=\"wp-block-image size-large\"><img decoding=\"async\" src=\"https:\/\/demo.studiopress.com\/page-builder\/monochrome\/logos\/smooth-vanilla.png\" alt=\"\"\/><\/figure>\n<\/div><\/div>\n<\/div><\/div>\n<\/div><\/div>\n<\/div><\/div>\n\n\n\n<div class=\"wp-block-cover alignfull is-light gpb-monochrome-section-call-to-action has-normal-font-size\" style=\"min-height:132px;aspect-ratio:unset;\"><span aria-hidden=\"true\" class=\"wp-block-cover__background has-background-dim-100 has-background-dim has-background-gradient\" style=\"background:linear-gradient(48deg,rgb(0,106,206) 0%,rgb(2,198,249) 100%)\"><\/span><div class=\"wp-block-cover__inner-container is-layout-flow wp-block-cover-is-layout-flow\">\n<div class=\"wp-block-genesis-blocks-gb-columns gb-layout-columns-1 gb-1-col-equal gb-has-custom-text-color gb-columns-center alignwide\" style=\"color:#ffffff\"><div class=\"gb-layout-column-wrap gb-block-layout-column-gap-1 gb-is-responsive-column\" style=\"max-width:957px\">\n<div class=\"wp-block-genesis-blocks-gb-column gb-block-layout-column gb-is-vertically-aligned-center\"><div class=\"gb-block-layout-column-inner\" style=\"text-align:center\">\n<h2 class=\"wp-block-heading has-text-color has-large-font-size\" style=\"color:#ffffff\">Ihr Partner f\u00fcr nachhaltige Investments. <br>Kontaktieren Sie uns.<\/h2>\n<\/div><\/div>\n<\/div><\/div>\n\n\n<div class=\"wp-block-image wp-duotone-ffffff-fff-1\">\n<figure class=\"aligncenter size-full is-resized\"><a href=\"https:\/\/runds.philosolve.de\/wordpress\/startseite\/107-2\/\"><img loading=\"lazy\" decoding=\"async\" src=\"https:\/\/runds.philosolve.de\/wordpress\/wp-content\/uploads\/2023\/07\/Logo2_Gap_Graphics_solo.png\" alt=\"GAP-Logo\" class=\"wp-image-10\" width=\"122\" height=\"111\" srcset=\"https:\/\/runds.philosolve.de\/wordpress\/wp-content\/uploads\/2023\/07\/Logo2_Gap_Graphics_solo.png 997w, https:\/\/runds.philosolve.de\/wordpress\/wp-content\/uploads\/2023\/07\/Logo2_Gap_Graphics_solo-300x271.png 300w, https:\/\/runds.philosolve.de\/wordpress\/wp-content\/uploads\/2023\/07\/Logo2_Gap_Graphics_solo-768x695.png 768w\" sizes=\"auto, (max-width: 122px) 100vw, 122px\" \/><\/a><\/figure>\n<\/div><\/div><\/div>\n","protected":false},"excerpt":{"rendered":"","protected":false},"author":1,"featured_media":0,"parent":0,"menu_order":0,"comment_status":"closed","ping_status":"closed","template":"","meta":{"_genesis_hide_title":true,"_genesis_hide_breadcrumbs":false,"_genesis_hide_singular_image":false,"_genesis_hide_footer_widgets":false,"_genesis_custom_body_class":"","_genesis_custom_post_class":"","_genesis_layout":"full-width-content","footnotes":""},"class_list":{"0":"post-64","1":"page","2":"type-page","3":"status-publish","5":"entry"},"featured_image_src":null,"featured_image_src_square":null,"_links":{"self":[{"href":"https:\/\/runds.philosolve.de\/wordpress\/wp-json\/wp\/v2\/pages\/64","targetHints":{"allow":["GET"]}}],"collection":[{"href":"https:\/\/runds.philosolve.de\/wordpress\/wp-json\/wp\/v2\/pages"}],"about":[{"href":"https:\/\/runds.philosolve.de\/wordpress\/wp-json\/wp\/v2\/types\/page"}],"author":[{"embeddable":true,"href":"https:\/\/runds.philosolve.de\/wordpress\/wp-json\/wp\/v2\/users\/1"}],"replies":[{"embeddable":true,"href":"https:\/\/runds.philosolve.de\/wordpress\/wp-json\/wp\/v2\/comments?post=64"}],"version-history":[{"count":31,"href":"https:\/\/runds.philosolve.de\/wordpress\/wp-json\/wp\/v2\/pages\/64\/revisions"}],"predecessor-version":[{"id":279,"href":"https:\/\/runds.philosolve.de\/wordpress\/wp-json\/wp\/v2\/pages\/64\/revisions\/279"}],"wp:attachment":[{"href":"https:\/\/runds.philosolve.de\/wordpress\/wp-json\/wp\/v2\/media?parent=64"}],"curies":[{"name":"wp","href":"https:\/\/api.w.org\/{rel}","templated":true}]}}