{"id":99,"date":"2023-07-19T11:27:46","date_gmt":"2023-07-19T09:27:46","guid":{"rendered":"https:\/\/runds.philosolve.de\/wordpress\/?page_id=99"},"modified":"2023-07-21T10:28:49","modified_gmt":"2023-07-21T08:28:49","slug":"investmentanforderungen","status":"publish","type":"page","link":"https:\/\/runds.philosolve.de\/wordpress\/startseite\/investmentanforderungen\/","title":{"rendered":"Investmentanforderungen"},"content":{"rendered":"\n<div class=\"wp-block-genesis-blocks-gb-columns gpb-monochrome-section-title-and-text-columns gb-layout-columns-1 one-column gb-has-custom-background-color gb-has-custom-text-color gb-columns-center alignfull\" style=\"padding-top:3em;padding-right:1em;padding-bottom:5em;padding-left:1em;background-color:#ffffff;color:#1f1f1f\"><div class=\"gb-layout-column-wrap gb-block-layout-column-gap-2 gb-is-responsive-column\" style=\"max-width:1200px\">\n<div class=\"wp-block-genesis-blocks-gb-column gb-block-layout-column\"><div class=\"gb-block-layout-column-inner\">\n<div style=\"margin-bottom:5%\" class=\"wp-block-genesis-blocks-gb-container gb-block-container\"><div class=\"gb-container-inside\"><div class=\"gb-container-content\" style=\"max-width:1600px\">\n<h2 class=\"wp-block-heading\">Investmentanforderungen.<\/h2>\n\n\n<style>.gb-6a01aa1a968c9{font-size: 22px;}@media only screen and (max-width: 600px) {.gb-6a01aa1a968c9{font-size: 18px!important;}}<\/style>\n<p class=\"gb-6a01aa1a968c9 has-text-align-left has-normal-font-size\">Unsere Beteiligungen zeichnen sich durch besondere Garantieanforderungen aus.<\/p>\n\n\n\n<hr class=\"wp-block-separator has-text-color has-css-opacity has-background is-style-wide\" style=\"background-color:#1f1f1f;color:#1f1f1f\"\/>\n<\/div><\/div><\/div>\n\n\n\n<div class=\"wp-block-genesis-blocks-gb-columns gb-layout-columns-1 gb-1-col-equal\" style=\"margin-bottom:3%\"><div class=\"gb-layout-column-wrap gb-block-layout-column-gap-2 gb-is-responsive-column\">\n<div class=\"wp-block-genesis-blocks-gb-column gb-block-layout-column\"><div class=\"gb-block-layout-column-inner\" style=\"margin-bottom:10px\">\n<h2 class=\"wp-block-heading has-text-color has-large-font-size\" style=\"color:#1f1f1f\">Anforderungen an die Projekte<\/h2>\n\n\n\n<p class=\"has-normal-font-size\">Da die Green Asset Partners GmbH gemeinsam mit ihren Investoren zu 100 % Eigenkapitalinvestitionen t\u00e4tigt und somit auf Fremdfinanzierungen verzichtet, gibt es besondere Investitionsvoraussetzungen, um die R\u00fcckf\u00fchrung des eingesetzten Kapitals an die Investoren sowie entsprechende Dividendenzahlungen sicherzustellen.<\/p>\n\n\n\n<h3 class=\"wp-block-heading has-normal-font-size\">Power Purchase Agreement<\/h3>\n\n\n<style>.gb-6a01aa1a9d1c3{font-size: 22px;}@media only screen and (max-width: 600px) {.gb-6a01aa1a9d1c3{font-size: 18px!important;}}<\/style>\n<p class=\"gb-6a01aa1a9d1c3 has-normal-font-size\">Erste Voraussetzung ist der Abschluss eines mindestens 20-j\u00e4hrigen Stromabnahmevertrages (Power Purchase Agreement\/PPA) mit einer festen Einspeiseverg\u00fctung \u00fcber die gesamte Laufzeit des Vertrages. Ob die jeweilige Einspeiseverg\u00fctung und somit das gesamte Projekt den Kapitalr\u00fcckf\u00fchrungsbestimmungen sowie den Dividendenzahlungen gen\u00fcgt, unterliegt unserer wirtschaftsmathematischen \u00dcberpr\u00fcfung.<\/p>\n\n\n\n<h3 class=\"wp-block-heading has-normal-font-size\">Zus\u00e4tzliche Garantieabsicherung durch Investmentgrade<\/h3>\n\n\n<style>.gb-6a01aa1aa13f6{font-size: 22px;}@media only screen and (max-width: 600px) {.gb-6a01aa1aa13f6{font-size: 18px!important;}}<\/style>\n<p class=\"gb-6a01aa1aa13f6 has-normal-font-size\">Die zweite wichtige Voraussetzung ist, dass die Zahlungen der Einspeiseverg\u00fctung \u00fcber den gesamten Zeitraum des Vertrages von einer Institution oder Bank mit Investment Grade derart abgesichert sind, dass der Garantiegeber beim Ausbleiben einer oder mehrerer Zahlungen diese bedingungslos leistet. Diese besondere Garantie muss dar\u00fcber hinaus unwiderruflich sein. Beispiele f\u00fcr solche Garantiegeber k\u00f6nnen Banken mit entsprechendem Rating, wie die KFW Kreditanstalt f\u00fcr Wiederaufbau (\u201eAAA\u201c), oder andere Banken mit vergleichbarem Rating sein. In Frage kommen aber auch jegliche Art von Institutionen oder Unternehmen mit einem Rating von mindestens \u201eBBB\u201c durch S&amp;P oder vergleichbaren Ratings bei den Rating Agenturen Fitch oder Moody\u00b4s.<\/p>\n\n\n\n<h3 class=\"wp-block-heading has-normal-font-size\">Besondere Triple Net-Leasingkonstruktionen<\/h3>\n\n\n<style>.gb-6a01aa1aa5185{font-size: 22px;}@media only screen and (max-width: 600px) {.gb-6a01aa1aa5185{font-size: 18px!important;}}<\/style>\n<p class=\"gb-6a01aa1aa5185 has-normal-font-size\">Ersetzt werden kann die Voraussetzung beispielsweise dadurch, dass ein Betreiber der jeweiligen Anlage, der jedoch Investment Grade haben muss, diese mittels eines Triple Net-Leasingvertrages f\u00fcr die Laufzeit des PPAs \u00fcbernimmt, wobei er dann die Einspeiseverg\u00fctung direkt vereinnahmen kann.&nbsp;Ein Beispiel hierf\u00fcr ist, dass ein produzierendes Unternehmen mit Investment Grade f\u00fcr seine eigenen Produktionsst\u00e4tten auf erneuerbare Energien umstellen m\u00f6chte. In diesem Fall ist die Green Asset Partner GmbH gemeinsam mit den ihr verbundenen Investoren in der Lage, diesem Unternehmen die entsprechende Solaranlage auf eigene Kosten zu entwickeln und diesem die Anlage \u00fcber einen lang laufenden Triple Net-Leasingvertrag zur Verf\u00fcgung zu stellen. Diese Konstruktion kann dann nat\u00fcrlich auch im Rahmen eines Sale and Lease back erfolgen.<\/p>\n<\/div><\/div>\n<\/div><\/div>\n<\/div><\/div>\n<\/div><\/div>\n","protected":false},"excerpt":{"rendered":"","protected":false},"author":1,"featured_media":0,"parent":64,"menu_order":1,"comment_status":"closed","ping_status":"closed","template":"","meta":{"_genesis_hide_title":true,"_genesis_hide_breadcrumbs":false,"_genesis_hide_singular_image":false,"_genesis_hide_footer_widgets":false,"_genesis_custom_body_class":"","_genesis_custom_post_class":"","_genesis_layout":"","footnotes":""},"class_list":{"0":"post-99","1":"page","2":"type-page","3":"status-publish","5":"entry"},"featured_image_src":null,"featured_image_src_square":null,"_links":{"self":[{"href":"https:\/\/runds.philosolve.de\/wordpress\/wp-json\/wp\/v2\/pages\/99","targetHints":{"allow":["GET"]}}],"collection":[{"href":"https:\/\/runds.philosolve.de\/wordpress\/wp-json\/wp\/v2\/pages"}],"about":[{"href":"https:\/\/runds.philosolve.de\/wordpress\/wp-json\/wp\/v2\/types\/page"}],"author":[{"embeddable":true,"href":"https:\/\/runds.philosolve.de\/wordpress\/wp-json\/wp\/v2\/users\/1"}],"replies":[{"embeddable":true,"href":"https:\/\/runds.philosolve.de\/wordpress\/wp-json\/wp\/v2\/comments?post=99"}],"version-history":[{"count":5,"href":"https:\/\/runds.philosolve.de\/wordpress\/wp-json\/wp\/v2\/pages\/99\/revisions"}],"predecessor-version":[{"id":267,"href":"https:\/\/runds.philosolve.de\/wordpress\/wp-json\/wp\/v2\/pages\/99\/revisions\/267"}],"up":[{"embeddable":true,"href":"https:\/\/runds.philosolve.de\/wordpress\/wp-json\/wp\/v2\/pages\/64"}],"wp:attachment":[{"href":"https:\/\/runds.philosolve.de\/wordpress\/wp-json\/wp\/v2\/media?parent=99"}],"curies":[{"name":"wp","href":"https:\/\/api.w.org\/{rel}","templated":true}]}}